{"id":7,"date":"2018-03-29T10:22:14","date_gmt":"2018-03-29T10:22:14","guid":{"rendered":"https:\/\/holland2work.nl\/?page_id=7"},"modified":"2025-04-16T07:22:42","modified_gmt":"2025-04-16T07:22:42","slug":"homepage","status":"publish","type":"page","link":"https:\/\/holland2work.nl\/ro\/","title":{"rendered":"Home"},"content":{"rendered":"<p>Holland2Work asigur\u0103 locuri de munc\u0103 sezoniere pentru angaja\u021bi str\u0103ini. Noi punem accent pe Adul\u021bii \u0219i studen\u021bii care vor s\u0103 munceasc\u0103 \u00een agricultur\u0103 pe timpul verii \u0219i \u00een perioada recoltei. Acest lucru se refer\u0103 \u00een mare parte la activit\u0103\u021bile din sectorul prelucr\u0103rii bulbilor \u0219i florilor. Vrei s\u0103 c\u00e2\u0219tigi ni\u0219te bani \u00een plus? Atunci completeaz\u0103 formularul nostru de contact, iar noi te vom apela \u00een cel mai scurt timp!<\/p>","protected":false},"excerpt":{"rendered":"<p>Holland2Work asigur\u0103 locuri de munc\u0103 sezoniere pentru angaja\u021bi str\u0103ini. Noi punem accent pe Adul\u021bii \u0219i studen\u021bii care vor s\u0103 munceasc\u0103 \u00een agricultur\u0103 pe timpul verii \u0219i \u00een perioada recoltei. Acest lucru se refer\u0103 \u00een mare parte la activit\u0103\u021bile din sectorul prelucr\u0103rii bulbilor \u0219i florilor. Vrei s\u0103 c\u00e2\u0219tigi ni\u0219te bani \u00een plus? Atunci completeaz\u0103 formularul nostru [&hellip;]<\/p>\n","protected":false},"author":1,"featured_media":0,"parent":0,"menu_order":0,"comment_status":"closed","ping_status":"closed","template":"page-templates\/front.php","meta":{"footnotes":""},"class_list":["post-7","page","type-page","status-publish","hentry"],"_links":{"self":[{"href":"https:\/\/holland2work.nl\/ro\/wp-json\/wp\/v2\/pages\/7","targetHints":{"allow":["GET"]}}],"collection":[{"href":"https:\/\/holland2work.nl\/ro\/wp-json\/wp\/v2\/pages"}],"about":[{"href":"https:\/\/holland2work.nl\/ro\/wp-json\/wp\/v2\/types\/page"}],"author":[{"embeddable":true,"href":"https:\/\/holland2work.nl\/ro\/wp-json\/wp\/v2\/users\/1"}],"replies":[{"embeddable":true,"href":"https:\/\/holland2work.nl\/ro\/wp-json\/wp\/v2\/comments?post=7"}],"version-history":[{"count":34,"href":"https:\/\/holland2work.nl\/ro\/wp-json\/wp\/v2\/pages\/7\/revisions"}],"predecessor-version":[{"id":239,"href":"https:\/\/holland2work.nl\/ro\/wp-json\/wp\/v2\/pages\/7\/revisions\/239"}],"wp:attachment":[{"href":"https:\/\/holland2work.nl\/ro\/wp-json\/wp\/v2\/media?parent=7"}],"curies":[{"name":"wp","href":"https:\/\/api.w.org\/{rel}","templated":true}]}}