{"id":19,"date":"2018-03-29T11:16:42","date_gmt":"2018-03-29T11:16:42","guid":{"rendered":"https:\/\/holland2work.nl\/?page_id=19"},"modified":"2023-02-08T10:16:34","modified_gmt":"2023-02-08T10:16:34","slug":"contact-info","status":"publish","type":"page","link":"https:\/\/holland2work.nl\/ro\/contact-info\/","title":{"rendered":"Contact\/Info"},"content":{"rendered":"<p><\/p>\n<h2><b>INFO<\/b><\/h2>\n<p><strong>Pentru angajator:<\/strong><br \/>\nLucrul cu angaja\u021bi temporari are avantaje. Am aranjat totul pentru tine \u00eentr-o imagine de ansamblu clar\u0103. Dac\u0103 sunte\u021bi interesat, pute\u021bi solicita aceste informa\u021bii prin formularul nostru de contact. Odat\u0103 ce am primit informa\u021biile, v\u0103 vom contacta pentru a v\u0103 \u00eentreba dac\u0103 este necesar\u0103 vreo explica\u021bie \u0219i dac\u0103 putem face ceva unul pentru cel\u0103lalt. Dar dac\u0103 sunte\u021bi \u00een c\u0103utarea unui lucr\u0103tor temporar calificat sau preg\u0103tit altfel, ne pute\u021bi angaja \u0219i pentru c\u0103 avem intermediari \u00een fiecare ramur\u0103 care caut\u0103 candidatul potrivit pentru dvs.<\/p>\n<p><strong>Pentru angajat<\/strong><br \/>\nS\u0103 lucrezi \u00een \u021a\u0103rile de Jos pe perioada vacan\u021bei sau s\u0103 faci munc\u0103 sezonier\u0103 \u00eenseamn\u0103 s\u0103 lucrezi la viitorul t\u0103u. Sunt unele lucruri care trebuie aranjate \u00een avans. Am aranjat totul pentru tine \u00eentr-o imagine de ansamblu clar\u0103. Pute\u021bi desc\u0103rca cele mai importante formulare din dreapta! Nu a\u021bi mai lucrat pentru noi sau pentru alt\u0103 agen\u021bie de munc\u0103 temporar\u0103? Atunci pute\u021bi completa \u0219i trimite Formularul de cerere Angajat prin intermediul linkului. E\u0219ti interesat sau vrei informa\u021bii? V\u0103 rug\u0103m s\u0103 ne contacta\u021bi prin formularul nostru de contact, prin e-mail sau suna\u021bi la +31 6 27 90 93 95<\/p>","protected":false},"excerpt":{"rendered":"<p>INFO Pentru angajator: Lucrul cu angaja\u021bi temporari are avantaje. Am aranjat totul pentru tine \u00eentr-o imagine de ansamblu clar\u0103. Dac\u0103 sunte\u021bi interesat, pute\u021bi solicita aceste informa\u021bii prin formularul nostru de contact. Odat\u0103 ce am primit informa\u021biile, v\u0103 vom contacta pentru a v\u0103 \u00eentreba dac\u0103 este necesar\u0103 vreo explica\u021bie \u0219i dac\u0103 putem face ceva unul pentru [&hellip;]<\/p>\n","protected":false},"author":1,"featured_media":0,"parent":0,"menu_order":0,"comment_status":"closed","ping_status":"closed","template":"page-templates\/contact-info.php","meta":{"footnotes":""},"class_list":["post-19","page","type-page","status-publish","hentry"],"_links":{"self":[{"href":"https:\/\/holland2work.nl\/ro\/wp-json\/wp\/v2\/pages\/19","targetHints":{"allow":["GET"]}}],"collection":[{"href":"https:\/\/holland2work.nl\/ro\/wp-json\/wp\/v2\/pages"}],"about":[{"href":"https:\/\/holland2work.nl\/ro\/wp-json\/wp\/v2\/types\/page"}],"author":[{"embeddable":true,"href":"https:\/\/holland2work.nl\/ro\/wp-json\/wp\/v2\/users\/1"}],"replies":[{"embeddable":true,"href":"https:\/\/holland2work.nl\/ro\/wp-json\/wp\/v2\/comments?post=19"}],"version-history":[{"count":30,"href":"https:\/\/holland2work.nl\/ro\/wp-json\/wp\/v2\/pages\/19\/revisions"}],"predecessor-version":[{"id":230,"href":"https:\/\/holland2work.nl\/ro\/wp-json\/wp\/v2\/pages\/19\/revisions\/230"}],"wp:attachment":[{"href":"https:\/\/holland2work.nl\/ro\/wp-json\/wp\/v2\/media?parent=19"}],"curies":[{"name":"wp","href":"https:\/\/api.w.org\/{rel}","templated":true}]}}