{"id":17,"date":"2018-03-29T11:16:15","date_gmt":"2018-03-29T11:16:15","guid":{"rendered":"https:\/\/holland2work.nl\/?page_id=17"},"modified":"2023-01-16T15:58:33","modified_gmt":"2023-01-16T15:58:33","slug":"stay","status":"publish","type":"page","link":"https:\/\/holland2work.nl\/ro\/stay\/","title":{"rendered":"Stay"},"content":{"rendered":"<p><\/p>\n<h1><b>Cazare<\/b><\/h1>\n<p><strong>\u00cen siguran\u021b\u0103 p\u00e2n\u0103 la ultimul detaliu!<\/strong> Dac\u0103 vii s\u0103 lucrezi cu noi, ai parte de cazare asigurat\u0103 contra cost. Caz\u0103rile se afl\u0103 \u00een vecin\u0103tatea multiplelor lucri de munc\u0103, locuin\u021be bune \u0219i \u00eengrijite. Acest lucru economise\u0219te mult\u0103 reglementare \u0219i b\u0103t\u0103i de cap \u0219i este, de asemenea, mult mai ieftin.<br \/>\n<\/p>","protected":false},"excerpt":{"rendered":"<p>Cazare \u00cen siguran\u021b\u0103 p\u00e2n\u0103 la ultimul detaliu! Dac\u0103 vii s\u0103 lucrezi cu noi, ai parte de cazare asigurat\u0103 contra cost. Caz\u0103rile se afl\u0103 \u00een vecin\u0103tatea multiplelor lucri de munc\u0103, locuin\u021be bune \u0219i \u00eengrijite. Acest lucru economise\u0219te mult\u0103 reglementare \u0219i b\u0103t\u0103i de cap \u0219i este, de asemenea, mult mai ieftin.<\/p>\n","protected":false},"author":1,"featured_media":0,"parent":0,"menu_order":0,"comment_status":"closed","ping_status":"closed","template":"page-templates\/stay.php","meta":{"footnotes":""},"class_list":["post-17","page","type-page","status-publish","hentry"],"_links":{"self":[{"href":"https:\/\/holland2work.nl\/ro\/wp-json\/wp\/v2\/pages\/17","targetHints":{"allow":["GET"]}}],"collection":[{"href":"https:\/\/holland2work.nl\/ro\/wp-json\/wp\/v2\/pages"}],"about":[{"href":"https:\/\/holland2work.nl\/ro\/wp-json\/wp\/v2\/types\/page"}],"author":[{"embeddable":true,"href":"https:\/\/holland2work.nl\/ro\/wp-json\/wp\/v2\/users\/1"}],"replies":[{"embeddable":true,"href":"https:\/\/holland2work.nl\/ro\/wp-json\/wp\/v2\/comments?post=17"}],"version-history":[{"count":13,"href":"https:\/\/holland2work.nl\/ro\/wp-json\/wp\/v2\/pages\/17\/revisions"}],"predecessor-version":[{"id":218,"href":"https:\/\/holland2work.nl\/ro\/wp-json\/wp\/v2\/pages\/17\/revisions\/218"}],"wp:attachment":[{"href":"https:\/\/holland2work.nl\/ro\/wp-json\/wp\/v2\/media?parent=17"}],"curies":[{"name":"wp","href":"https:\/\/api.w.org\/{rel}","templated":true}]}}