{"id":15,"date":"2018-03-29T11:16:05","date_gmt":"2018-03-29T11:16:05","guid":{"rendered":"https:\/\/holland2work.nl\/?page_id=15"},"modified":"2023-02-08T10:06:11","modified_gmt":"2023-02-08T10:06:11","slug":"work","status":"publish","type":"page","link":"https:\/\/holland2work.nl\/ro\/work\/","title":{"rendered":"Work"},"content":{"rendered":"<p><\/p>\n<h1><b>Locuri de munc\u0103<\/b><\/h1>\n<p><strong>Lucreaz\u0103 la Holland2Work<\/strong><br \/>\nTransfer\u0103m majoritatea angaja\u021bilor temporari c\u0103tre companii din sectorul agricol. Munca const\u0103 \u00een principal \u00een recoltarea \u0219i prelucrarea produselor regionale. Dar dac\u0103 sunte\u021bi \u00een c\u0103utarea unui muncitor temporar calificat sau instruit, ne pute\u021bi angaja \u0219i pentru c\u0103 avem \u00een fiecare industrie intermediari care caut\u0103 candidatul potrivit pentru dvs.<br \/>\n<\/p>","protected":false},"excerpt":{"rendered":"<p>Locuri de munc\u0103 Lucreaz\u0103 la Holland2Work Transfer\u0103m majoritatea angaja\u021bilor temporari c\u0103tre companii din sectorul agricol. Munca const\u0103 \u00een principal \u00een recoltarea \u0219i prelucrarea produselor regionale. Dar dac\u0103 sunte\u021bi \u00een c\u0103utarea unui muncitor temporar calificat sau instruit, ne pute\u021bi angaja \u0219i pentru c\u0103 avem \u00een fiecare industrie intermediari care caut\u0103 candidatul potrivit pentru dvs.<\/p>\n","protected":false},"author":1,"featured_media":0,"parent":0,"menu_order":0,"comment_status":"closed","ping_status":"closed","template":"page-templates\/work.php","meta":{"footnotes":""},"class_list":["post-15","page","type-page","status-publish","hentry"],"_links":{"self":[{"href":"https:\/\/holland2work.nl\/ro\/wp-json\/wp\/v2\/pages\/15","targetHints":{"allow":["GET"]}}],"collection":[{"href":"https:\/\/holland2work.nl\/ro\/wp-json\/wp\/v2\/pages"}],"about":[{"href":"https:\/\/holland2work.nl\/ro\/wp-json\/wp\/v2\/types\/page"}],"author":[{"embeddable":true,"href":"https:\/\/holland2work.nl\/ro\/wp-json\/wp\/v2\/users\/1"}],"replies":[{"embeddable":true,"href":"https:\/\/holland2work.nl\/ro\/wp-json\/wp\/v2\/comments?post=15"}],"version-history":[{"count":20,"href":"https:\/\/holland2work.nl\/ro\/wp-json\/wp\/v2\/pages\/15\/revisions"}],"predecessor-version":[{"id":227,"href":"https:\/\/holland2work.nl\/ro\/wp-json\/wp\/v2\/pages\/15\/revisions\/227"}],"wp:attachment":[{"href":"https:\/\/holland2work.nl\/ro\/wp-json\/wp\/v2\/media?parent=15"}],"curies":[{"name":"wp","href":"https:\/\/api.w.org\/{rel}","templated":true}]}}