{"id":13,"date":"2018-03-29T11:15:56","date_gmt":"2018-03-29T11:15:56","guid":{"rendered":"https:\/\/holland2work.nl\/?page_id=13"},"modified":"2023-01-16T15:53:26","modified_gmt":"2023-01-16T15:53:26","slug":"about","status":"publish","type":"page","link":"https:\/\/holland2work.nl\/ro\/about\/","title":{"rendered":"About"},"content":{"rendered":"<p><\/p>\n<h1><b>DESPRE<\/b> HOLLAND2WORK<\/h1>\n<p>Numele meu este Kees \u0219i sunt persoana ta de contact. \u00cen ultimii ani am ocupat sute de locuri de munc\u0103 temporare. De ce Holland2Work? Pentru re\u021beaua extins\u0103 de locuri de munc\u0103 \u0219i liniile scurte. Pentru c\u0103 prin experien\u021ba practic\u0103 cunoa\u0219tem exact dorin\u021bele clientului nostru, putem ac\u021biona rapid \u0219i ne putem asigura c\u0103 oamenii potrivi\u021bi sunt la locul potrivit. Ne ocup\u0103m de \u00eentregul proces de la A la Z. De la transport la locul de munc\u0103 p\u00e2n\u0103 la cazare pentru angaja\u021bi. Toate chestiunile financiare \u0219i administrative suplimentare sunt aranjate \u0219i gestionate de Holland2Work.<\/p>","protected":false},"excerpt":{"rendered":"<p>DESPRE HOLLAND2WORK Numele meu este Kees \u0219i sunt persoana ta de contact. \u00cen ultimii ani am ocupat sute de locuri de munc\u0103 temporare. De ce Holland2Work? Pentru re\u021beaua extins\u0103 de locuri de munc\u0103 \u0219i liniile scurte. Pentru c\u0103 prin experien\u021ba practic\u0103 cunoa\u0219tem exact dorin\u021bele clientului nostru, putem ac\u021biona rapid \u0219i ne putem asigura c\u0103 oamenii [&hellip;]<\/p>\n","protected":false},"author":1,"featured_media":0,"parent":0,"menu_order":0,"comment_status":"closed","ping_status":"closed","template":"page-templates\/about.php","meta":{"footnotes":""},"class_list":["post-13","page","type-page","status-publish","hentry"],"_links":{"self":[{"href":"https:\/\/holland2work.nl\/ro\/wp-json\/wp\/v2\/pages\/13","targetHints":{"allow":["GET"]}}],"collection":[{"href":"https:\/\/holland2work.nl\/ro\/wp-json\/wp\/v2\/pages"}],"about":[{"href":"https:\/\/holland2work.nl\/ro\/wp-json\/wp\/v2\/types\/page"}],"author":[{"embeddable":true,"href":"https:\/\/holland2work.nl\/ro\/wp-json\/wp\/v2\/users\/1"}],"replies":[{"embeddable":true,"href":"https:\/\/holland2work.nl\/ro\/wp-json\/wp\/v2\/comments?post=13"}],"version-history":[{"count":27,"href":"https:\/\/holland2work.nl\/ro\/wp-json\/wp\/v2\/pages\/13\/revisions"}],"predecessor-version":[{"id":216,"href":"https:\/\/holland2work.nl\/ro\/wp-json\/wp\/v2\/pages\/13\/revisions\/216"}],"wp:attachment":[{"href":"https:\/\/holland2work.nl\/ro\/wp-json\/wp\/v2\/media?parent=13"}],"curies":[{"name":"wp","href":"https:\/\/api.w.org\/{rel}","templated":true}]}}