{"id":7,"date":"2018-03-29T10:22:14","date_gmt":"2018-03-29T10:22:14","guid":{"rendered":"https:\/\/holland2work.nl\/?page_id=7"},"modified":"2025-04-16T07:22:42","modified_gmt":"2025-04-16T07:22:42","slug":"homepage","status":"publish","type":"page","link":"https:\/\/holland2work.nl\/pl\/","title":{"rendered":"Home"},"content":{"rendered":"<p>Holland2Work zajmuje si\u0119 aranzacj\u0105 tymczasowej pracy dla (zagranicznych) pracodawc\u00f3w. Nasza uwaga skupiona jest g\u0142\u00f3wnie na uczniach oraz studentach, kt\u00f3rzy chc\u0105 wykonywa\u0107 prace rolnicze w okresie letnim, ale r\u00f3wnie\u017c podczas \u017cniw. Oferty pracy dotycz\u0105 g\u0142\u00f3wnie dzia\u0142alno\u015bci w sekrorze: ogrodnictwa, zbioru i przetw\u00f3rstwa zieminiak\u00f3w oraz warzyw gruntowych.<br \/>\nChcia\u0142by\u015b zarobi\u0107 dodatkowe pieni\u0105dze? Zarejestruj si\u0119, a my szybko skontaktujemy<br \/>\nsi\u0119 z Tob\u0105 !<\/p>","protected":false},"excerpt":{"rendered":"<p>Holland2Work zajmuje si\u0119 aranzacj\u0105 tymczasowej pracy dla (zagranicznych) pracodawc\u00f3w. Nasza uwaga skupiona jest g\u0142\u00f3wnie na uczniach oraz studentach, kt\u00f3rzy chc\u0105 wykonywa\u0107 prace rolnicze w okresie letnim, ale r\u00f3wnie\u017c podczas \u017cniw. Oferty pracy dotycz\u0105 g\u0142\u00f3wnie dzia\u0142alno\u015bci w sekrorze: ogrodnictwa, zbioru i przetw\u00f3rstwa zieminiak\u00f3w oraz warzyw gruntowych. Chcia\u0142by\u015b zarobi\u0107 dodatkowe pieni\u0105dze? Zarejestruj si\u0119, a my szybko skontaktujemy [&hellip;]<\/p>\n","protected":false},"author":1,"featured_media":0,"parent":0,"menu_order":0,"comment_status":"closed","ping_status":"closed","template":"page-templates\/front.php","meta":{"footnotes":""},"class_list":["post-7","page","type-page","status-publish","hentry"],"_links":{"self":[{"href":"https:\/\/holland2work.nl\/pl\/wp-json\/wp\/v2\/pages\/7","targetHints":{"allow":["GET"]}}],"collection":[{"href":"https:\/\/holland2work.nl\/pl\/wp-json\/wp\/v2\/pages"}],"about":[{"href":"https:\/\/holland2work.nl\/pl\/wp-json\/wp\/v2\/types\/page"}],"author":[{"embeddable":true,"href":"https:\/\/holland2work.nl\/pl\/wp-json\/wp\/v2\/users\/1"}],"replies":[{"embeddable":true,"href":"https:\/\/holland2work.nl\/pl\/wp-json\/wp\/v2\/comments?post=7"}],"version-history":[{"count":34,"href":"https:\/\/holland2work.nl\/pl\/wp-json\/wp\/v2\/pages\/7\/revisions"}],"predecessor-version":[{"id":239,"href":"https:\/\/holland2work.nl\/pl\/wp-json\/wp\/v2\/pages\/7\/revisions\/239"}],"wp:attachment":[{"href":"https:\/\/holland2work.nl\/pl\/wp-json\/wp\/v2\/media?parent=7"}],"curies":[{"name":"wp","href":"https:\/\/api.w.org\/{rel}","templated":true}]}}