{"id":19,"date":"2018-03-29T11:16:42","date_gmt":"2018-03-29T11:16:42","guid":{"rendered":"https:\/\/holland2work.nl\/?page_id=19"},"modified":"2023-02-08T10:16:34","modified_gmt":"2023-02-08T10:16:34","slug":"contact-info","status":"publish","type":"page","link":"https:\/\/holland2work.nl\/pl\/contact-info\/","title":{"rendered":"Contact\/Info"},"content":{"rendered":"<p><strong>Dia pracodawcy\u00a0<\/strong>Praca z pracownikami tymczasowymi ma swoje zalety. Przygotowali\u015bmy dla Ciebie ofert\u0119 w przejrzysty spos\u00f3b. Je\u015bli jeste\u015b zainteresowany, mo\u017cesz poprosi\u0107 o wi\u0119cej\u00a0informacji za po\u015brednictwem naszego formularza kontaktowego. Po otrzymaniu informacji zwrotnej, skontaktujemy si\u0119 z Tob\u0105, aby dowiedzie\u0107 si\u0119, czy wymagane jest wyja\u015bnienie i czy mo\u017cemy nawi\u0105za\u0107 wsp\u00f3\u0142prac\u0119. Je\u015bli szukasz wykwalifikowanego lub wyszkolonego pracownika tymczasowego, mo\u017cesz r\u00f3wnie\u017c zatrudni\u0107 nas, poniewa\u017c mamy baz\u0119 po\u015brednik\u00f3w w wielu segmentach, kt\u00f3rzy mog\u0105 zapewni\u0107 odpowiedniego do Twoich potrzeb kandydata.<\/p>\n<p><strong>Dla pracownika\u00a0<\/strong>Praca w Holandii jako wakacyjna si\u0142a lub praca sezonowa dzia\u0142a na Twoj\u0105 korzy\u015bc. Jest kilka rzeczy, kt\u00f3re nale\u017cy wcze\u015bniej uzgodni\u0107. Przygotowali\u015bmy dla Ciebie wszystko w \u0142atwy i przejrzysty spos\u00f3b. Mo\u017cesz pobra\u0107 najwa\u017cniejsze formularze po prawej stronie! Pracowa\u0142e\u015b wcze\u015bniej dla nas lub dla innej agencji pracy tymczasowej? Je\u015bli tak, mo\u017cesz wype\u0142ni\u0107 i wys\u0142a\u0107 Formularz aplikacyjny Pracownik za po\u015brednictwem linku. Jeste\u015b zainteresowany lub chcesz otrzyma\u0107 wi\u0119cej informacji? Skontaktuj si\u0119 z nami za po\u015brednictwem naszego formularza kontaktowego, e-mail lub zadzwo\u0144 pod numer +31 6 27 90 93 95.<\/p>","protected":false},"excerpt":{"rendered":"<p>Dia pracodawcy\u00a0Praca z pracownikami tymczasowymi ma swoje zalety. Przygotowali\u015bmy dla Ciebie ofert\u0119 w przejrzysty spos\u00f3b. Je\u015bli jeste\u015b zainteresowany, mo\u017cesz poprosi\u0107 o wi\u0119cej\u00a0informacji za po\u015brednictwem naszego formularza kontaktowego. Po otrzymaniu informacji zwrotnej, skontaktujemy si\u0119 z Tob\u0105, aby dowiedzie\u0107 si\u0119, czy wymagane jest wyja\u015bnienie i czy mo\u017cemy nawi\u0105za\u0107 wsp\u00f3\u0142prac\u0119. Je\u015bli szukasz wykwalifikowanego lub wyszkolonego pracownika tymczasowego, mo\u017cesz [&hellip;]<\/p>\n","protected":false},"author":1,"featured_media":0,"parent":0,"menu_order":0,"comment_status":"closed","ping_status":"closed","template":"page-templates\/contact-info.php","meta":{"footnotes":""},"class_list":["post-19","page","type-page","status-publish","hentry"],"_links":{"self":[{"href":"https:\/\/holland2work.nl\/pl\/wp-json\/wp\/v2\/pages\/19","targetHints":{"allow":["GET"]}}],"collection":[{"href":"https:\/\/holland2work.nl\/pl\/wp-json\/wp\/v2\/pages"}],"about":[{"href":"https:\/\/holland2work.nl\/pl\/wp-json\/wp\/v2\/types\/page"}],"author":[{"embeddable":true,"href":"https:\/\/holland2work.nl\/pl\/wp-json\/wp\/v2\/users\/1"}],"replies":[{"embeddable":true,"href":"https:\/\/holland2work.nl\/pl\/wp-json\/wp\/v2\/comments?post=19"}],"version-history":[{"count":30,"href":"https:\/\/holland2work.nl\/pl\/wp-json\/wp\/v2\/pages\/19\/revisions"}],"predecessor-version":[{"id":230,"href":"https:\/\/holland2work.nl\/pl\/wp-json\/wp\/v2\/pages\/19\/revisions\/230"}],"wp:attachment":[{"href":"https:\/\/holland2work.nl\/pl\/wp-json\/wp\/v2\/media?parent=19"}],"curies":[{"name":"wp","href":"https:\/\/api.w.org\/{rel}","templated":true}]}}