{"id":17,"date":"2018-03-29T11:16:15","date_gmt":"2018-03-29T11:16:15","guid":{"rendered":"https:\/\/holland2work.nl\/?page_id=17"},"modified":"2023-01-16T15:58:33","modified_gmt":"2023-01-16T15:58:33","slug":"stay","status":"publish","type":"page","link":"https:\/\/holland2work.nl\/pl\/stay\/","title":{"rendered":"Stay"},"content":{"rendered":"<p><\/p>\n<h1><b>ZAKWATEROWANIE<br \/>\n<\/b><\/h1>\n<p><strong>Wszystko zoorganizowane do ostatniego szczeg\u00f3\u0142u.<\/strong> Je\u015bli decydujesz si\u0119 pracowa\u0107 z nami, mo\u017cesz skorzysta\u0107 za op\u0142at\u0105 z naszej bazy noclegowej. Mamy do zaaoferowania schudne i zadbane kwatery w pobli\u017cu miejsca pracy. Takie rozwi\u0105zanie, to oszcz\u0119dno\u015b\u0107 czasu i formalno\u015bci z tym zwi\u0105zanych, ale r\u00f3wnie\u017c jest o wiele ta\u0144sze.<br \/>\n<\/p>","protected":false},"excerpt":{"rendered":"<p>ZAKWATEROWANIE Wszystko zoorganizowane do ostatniego szczeg\u00f3\u0142u. Je\u015bli decydujesz si\u0119 pracowa\u0107 z nami, mo\u017cesz skorzysta\u0107 za op\u0142at\u0105 z naszej bazy noclegowej. Mamy do zaaoferowania schudne i zadbane kwatery w pobli\u017cu miejsca pracy. Takie rozwi\u0105zanie, to oszcz\u0119dno\u015b\u0107 czasu i formalno\u015bci z tym zwi\u0105zanych, ale r\u00f3wnie\u017c jest o wiele ta\u0144sze.<\/p>\n","protected":false},"author":1,"featured_media":0,"parent":0,"menu_order":0,"comment_status":"closed","ping_status":"closed","template":"page-templates\/stay.php","meta":{"footnotes":""},"class_list":["post-17","page","type-page","status-publish","hentry"],"_links":{"self":[{"href":"https:\/\/holland2work.nl\/pl\/wp-json\/wp\/v2\/pages\/17","targetHints":{"allow":["GET"]}}],"collection":[{"href":"https:\/\/holland2work.nl\/pl\/wp-json\/wp\/v2\/pages"}],"about":[{"href":"https:\/\/holland2work.nl\/pl\/wp-json\/wp\/v2\/types\/page"}],"author":[{"embeddable":true,"href":"https:\/\/holland2work.nl\/pl\/wp-json\/wp\/v2\/users\/1"}],"replies":[{"embeddable":true,"href":"https:\/\/holland2work.nl\/pl\/wp-json\/wp\/v2\/comments?post=17"}],"version-history":[{"count":13,"href":"https:\/\/holland2work.nl\/pl\/wp-json\/wp\/v2\/pages\/17\/revisions"}],"predecessor-version":[{"id":218,"href":"https:\/\/holland2work.nl\/pl\/wp-json\/wp\/v2\/pages\/17\/revisions\/218"}],"wp:attachment":[{"href":"https:\/\/holland2work.nl\/pl\/wp-json\/wp\/v2\/media?parent=17"}],"curies":[{"name":"wp","href":"https:\/\/api.w.org\/{rel}","templated":true}]}}