{"id":15,"date":"2018-03-29T11:16:05","date_gmt":"2018-03-29T11:16:05","guid":{"rendered":"https:\/\/holland2work.nl\/?page_id=15"},"modified":"2023-02-08T10:06:11","modified_gmt":"2023-02-08T10:06:11","slug":"work","status":"publish","type":"page","link":"https:\/\/holland2work.nl\/pl\/work\/","title":{"rendered":"Work"},"content":{"rendered":"<p><\/p>\n<h1><b>PRACA<\/b><\/h1>\n<p><strong>Praca w Holland2Work<\/strong><br \/>\nNasza firma zajmuje si\u0119 przewa\u017cnie transferem tymczasowych pracownik\u00f3w w sektorze rolniczym. Prace polegaj\u0105 g\u0142\u00f3wnie na zbieraniu i przetwarzaniu regionalnych produkt\u00f3w sezonowych. Natomiast je\u015bli szukasz wykwalifikowanego lub wyszkolonego pracownika tymczasowego z innej specjalizacji, mo\u017cesz r\u00f3wnie\u017c nas zatrudni\u0107. Posiadamy w ka\u017cdej bran\u017cy wewn\u0119trznych po\u015brednik\u00f3w, kt\u00f3rzy znajd\u0105 odpowiedniego kandyda dla Ciebie.<\/p>","protected":false},"excerpt":{"rendered":"<p>PRACA Praca w Holland2Work Nasza firma zajmuje si\u0119 przewa\u017cnie transferem tymczasowych pracownik\u00f3w w sektorze rolniczym. Prace polegaj\u0105 g\u0142\u00f3wnie na zbieraniu i przetwarzaniu regionalnych produkt\u00f3w sezonowych. Natomiast je\u015bli szukasz wykwalifikowanego lub wyszkolonego pracownika tymczasowego z innej specjalizacji, mo\u017cesz r\u00f3wnie\u017c nas zatrudni\u0107. Posiadamy w ka\u017cdej bran\u017cy wewn\u0119trznych po\u015brednik\u00f3w, kt\u00f3rzy znajd\u0105 odpowiedniego kandyda dla Ciebie.<\/p>\n","protected":false},"author":1,"featured_media":0,"parent":0,"menu_order":0,"comment_status":"closed","ping_status":"closed","template":"page-templates\/work.php","meta":{"footnotes":""},"class_list":["post-15","page","type-page","status-publish","hentry"],"_links":{"self":[{"href":"https:\/\/holland2work.nl\/pl\/wp-json\/wp\/v2\/pages\/15","targetHints":{"allow":["GET"]}}],"collection":[{"href":"https:\/\/holland2work.nl\/pl\/wp-json\/wp\/v2\/pages"}],"about":[{"href":"https:\/\/holland2work.nl\/pl\/wp-json\/wp\/v2\/types\/page"}],"author":[{"embeddable":true,"href":"https:\/\/holland2work.nl\/pl\/wp-json\/wp\/v2\/users\/1"}],"replies":[{"embeddable":true,"href":"https:\/\/holland2work.nl\/pl\/wp-json\/wp\/v2\/comments?post=15"}],"version-history":[{"count":20,"href":"https:\/\/holland2work.nl\/pl\/wp-json\/wp\/v2\/pages\/15\/revisions"}],"predecessor-version":[{"id":227,"href":"https:\/\/holland2work.nl\/pl\/wp-json\/wp\/v2\/pages\/15\/revisions\/227"}],"wp:attachment":[{"href":"https:\/\/holland2work.nl\/pl\/wp-json\/wp\/v2\/media?parent=15"}],"curies":[{"name":"wp","href":"https:\/\/api.w.org\/{rel}","templated":true}]}}