{"id":13,"date":"2018-03-29T11:15:56","date_gmt":"2018-03-29T11:15:56","guid":{"rendered":"https:\/\/holland2work.nl\/?page_id=13"},"modified":"2023-01-16T15:53:26","modified_gmt":"2023-01-16T15:53:26","slug":"about","status":"publish","type":"page","link":"https:\/\/holland2work.nl\/pl\/about\/","title":{"rendered":"About"},"content":{"rendered":"<p><\/p>\n<h1><b>O NAS<\/b> HOLLAND2WORK<\/h1>\n<p>Mam na imie Kees, jestem Twoim punktem obs\u0142ugi, ale r\u00f3wnie\u017c osob\u0105 kontaktow\u0105. Poczas mojego d\u0142ugoletniego do\u015bwiadczenia po\u015bredniczy\u0142em w setkach prac tymczasowych. Dlatczego Holland2WORK? Posiadamy rozbudowana sie\u0107 kontakt\u00f3w i dzia\u0142amy kompleksowo. Znamy dok\u0142adnie oczekiwania naszych klient\u00f3w, dlatego te\u017c mo\u017cemy dzia\u0142a\u0107 szybko i zapewni\u0107, i\u017c w\u0142asciwi ludzie s\u0105 we w\u0142a\u015bciwym miejscu. Dobamy o ca\u0142y praces od A do Z. Gwarantujemy swym pracownikom zakwaterowanie oraz transport do pracy na terenie Holandii.Ponadto kwestie finansowe i administracjyjne s\u0105 r\u00f3wnie\u017c organizowane i realizowane przez Holland2WORK.<br \/>\n<\/p>","protected":false},"excerpt":{"rendered":"<p>O NAS HOLLAND2WORK Mam na imie Kees, jestem Twoim punktem obs\u0142ugi, ale r\u00f3wnie\u017c osob\u0105 kontaktow\u0105. Poczas mojego d\u0142ugoletniego do\u015bwiadczenia po\u015bredniczy\u0142em w setkach prac tymczasowych. Dlatczego Holland2WORK? Posiadamy rozbudowana sie\u0107 kontakt\u00f3w i dzia\u0142amy kompleksowo. Znamy dok\u0142adnie oczekiwania naszych klient\u00f3w, dlatego te\u017c mo\u017cemy dzia\u0142a\u0107 szybko i zapewni\u0107, i\u017c w\u0142asciwi ludzie s\u0105 we w\u0142a\u015bciwym miejscu. Dobamy o ca\u0142y [&hellip;]<\/p>\n","protected":false},"author":1,"featured_media":0,"parent":0,"menu_order":0,"comment_status":"closed","ping_status":"closed","template":"page-templates\/about.php","meta":{"footnotes":""},"class_list":["post-13","page","type-page","status-publish","hentry"],"_links":{"self":[{"href":"https:\/\/holland2work.nl\/pl\/wp-json\/wp\/v2\/pages\/13","targetHints":{"allow":["GET"]}}],"collection":[{"href":"https:\/\/holland2work.nl\/pl\/wp-json\/wp\/v2\/pages"}],"about":[{"href":"https:\/\/holland2work.nl\/pl\/wp-json\/wp\/v2\/types\/page"}],"author":[{"embeddable":true,"href":"https:\/\/holland2work.nl\/pl\/wp-json\/wp\/v2\/users\/1"}],"replies":[{"embeddable":true,"href":"https:\/\/holland2work.nl\/pl\/wp-json\/wp\/v2\/comments?post=13"}],"version-history":[{"count":27,"href":"https:\/\/holland2work.nl\/pl\/wp-json\/wp\/v2\/pages\/13\/revisions"}],"predecessor-version":[{"id":216,"href":"https:\/\/holland2work.nl\/pl\/wp-json\/wp\/v2\/pages\/13\/revisions\/216"}],"wp:attachment":[{"href":"https:\/\/holland2work.nl\/pl\/wp-json\/wp\/v2\/media?parent=13"}],"curies":[{"name":"wp","href":"https:\/\/api.w.org\/{rel}","templated":true}]}}